{"id":166,"date":"2011-05-24T10:07:06","date_gmt":"2011-05-24T10:07:06","guid":{"rendered":"http:\/\/www.obstmanufaktur.com\/?page_id=166"},"modified":"2022-01-20T16:18:08","modified_gmt":"2022-01-20T15:18:08","slug":"obstgeholzpflege","status":"publish","type":"page","link":"https:\/\/www.obstmanufaktur.com\/?page_id=166","title":{"rendered":"Fortbildung Obstgeh\u00f6lzpflege"},"content":{"rendered":"<figure id=\"attachment_645\" aria-describedby=\"caption-attachment-645\" style=\"width: 300px\" class=\"wp-caption alignright\"><a href=\"https:\/\/www.obstmanufaktur.com\/wp-content\/uploads\/2022\/01\/P1120637-scaled.jpg\"><img loading=\"lazy\" decoding=\"async\" class=\"wp-image-645 size-medium\" src=\"https:\/\/www.obstmanufaktur.com\/wp-content\/uploads\/2022\/01\/P1120637-300x225.jpg\" alt=\"\" width=\"300\" height=\"225\" srcset=\"https:\/\/www.obstmanufaktur.com\/wp-content\/uploads\/2022\/01\/P1120637-300x225.jpg 300w, https:\/\/www.obstmanufaktur.com\/wp-content\/uploads\/2022\/01\/P1120637-1024x768.jpg 1024w, https:\/\/www.obstmanufaktur.com\/wp-content\/uploads\/2022\/01\/P1120637-768x576.jpg 768w, https:\/\/www.obstmanufaktur.com\/wp-content\/uploads\/2022\/01\/P1120637-1536x1152.jpg 1536w, https:\/\/www.obstmanufaktur.com\/wp-content\/uploads\/2022\/01\/P1120637-2048x1536.jpg 2048w\" sizes=\"auto, (max-width: 300px) 100vw, 300px\" \/><\/a><figcaption id=\"caption-attachment-645\" class=\"wp-caption-text\">Kirschenschnitt beim Steinobstmodul 2021<\/figcaption><\/figure>\n<p>In Zusammenarbeit mit anderen professionellen Obstbaumpflegern aus der \u201eArbeitsgruppe Obstbaumpflege im Pomologen-Verein e.V.\u201c, haben wir 2011 eine Fortbildung entwickelt, die sich schwerpunktm\u00e4\u00dfig mit Obstgeh\u00f6lzen auf st\u00e4rker wachsenden Unterlagen und der Pflege von Streuobstwiesen besch\u00e4ftigt.<br \/>\nWir vermitteln \u00fcber zwei Jahre unser Wissen aus vielen Jahren praktischer Arbeit von und mit den B\u00e4umen und den Wiesen. Die Fortbildung startet immer im November und umfasst 9 Wochenendmodule, die auf zwei Jahre verteilt werden. Es ist nicht m\u00f6glich, nur einzelne Module zu belegen.<\/p>\n<p class=\"wp-link-preview\">Ausf\u00fchrlichere Informationen \u00fcber die Ausbildung und die Anmeldung finden Sie\/findet Ihr auf der Homepage:<\/p>\n<p class=\"wp-link-preview\"><a tabindex=\"-1\" href=\"https:\/\/www.obstbaumpflege-fortbildung.de\/\" target=\"_blank\" rel=\"noopener noreferrer\">obstbaumpflege-fortbildung.de<\/a><\/p>\n","protected":false},"excerpt":{"rendered":"<p>In Zusammenarbeit mit anderen professionellen Obstbaumpflegern aus der \u201eArbeitsgruppe Obstbaumpflege im Pomologen-Verein e.V.\u201c, haben wir 2011 eine Fortbildung entwickelt, die sich schwerpunktm\u00e4\u00dfig mit Obstgeh\u00f6lzen auf st\u00e4rker wachsenden Unterlagen und der Pflege von Streuobstwiesen besch\u00e4ftigt. Wir vermitteln \u00fcber zwei Jahre unser Wissen aus vielen Jahren praktischer Arbeit von und mit den<\/p>\n","protected":false},"author":2,"featured_media":0,"parent":87,"menu_order":40,"comment_status":"closed","ping_status":"closed","template":"","meta":{"footnotes":""},"class_list":["post-166","page","type-page","status-publish","hentry"],"_links":{"self":[{"href":"https:\/\/www.obstmanufaktur.com\/index.php?rest_route=\/wp\/v2\/pages\/166","targetHints":{"allow":["GET"]}}],"collection":[{"href":"https:\/\/www.obstmanufaktur.com\/index.php?rest_route=\/wp\/v2\/pages"}],"about":[{"href":"https:\/\/www.obstmanufaktur.com\/index.php?rest_route=\/wp\/v2\/types\/page"}],"author":[{"embeddable":true,"href":"https:\/\/www.obstmanufaktur.com\/index.php?rest_route=\/wp\/v2\/users\/2"}],"replies":[{"embeddable":true,"href":"https:\/\/www.obstmanufaktur.com\/index.php?rest_route=%2Fwp%2Fv2%2Fcomments&post=166"}],"version-history":[{"count":26,"href":"https:\/\/www.obstmanufaktur.com\/index.php?rest_route=\/wp\/v2\/pages\/166\/revisions"}],"predecessor-version":[{"id":646,"href":"https:\/\/www.obstmanufaktur.com\/index.php?rest_route=\/wp\/v2\/pages\/166\/revisions\/646"}],"up":[{"embeddable":true,"href":"https:\/\/www.obstmanufaktur.com\/index.php?rest_route=\/wp\/v2\/pages\/87"}],"wp:attachment":[{"href":"https:\/\/www.obstmanufaktur.com\/index.php?rest_route=%2Fwp%2Fv2%2Fmedia&parent=166"}],"curies":[{"name":"wp","href":"https:\/\/api.w.org\/{rel}","templated":true}]}}