{"id":181,"date":"2011-06-20T12:33:56","date_gmt":"2011-06-20T12:33:56","guid":{"rendered":"http:\/\/www.obstmanufaktur.com\/?page_id=181"},"modified":"2011-06-20T12:34:38","modified_gmt":"2011-06-20T12:34:38","slug":"kundeninformation","status":"publish","type":"page","link":"https:\/\/www.obstmanufaktur.com\/?page_id=181","title":{"rendered":"Kundeninformation"},"content":{"rendered":"<p>Wir bieten Ihnen einen fachgerechten  Obstbaumschnitt an, den wir  m\u00f6glichst \u00fcber 3-5 Jahre ausf\u00fchren. F\u00fcr die Jungbaumerziehung ist dieser  Zeitraum das Minimum  f\u00fcr einen  regelm\u00e4ssigen Erziehungsschnitt. Bei  der Altbaumpflege ist es sinnvoll, gr\u00f6ssere Schnitteingriffe \u00fcber  mehrere Jahre zu verteilen, so dass das Gleichgewicht zwischen Trieb und  Ertrag bewahrt werden kann.<\/p>\n<p>F\u00fcr viele Obstb\u00e4ume empfiehlt sich der Schnitt im Winter oder zeitigem Fr\u00fchjahr, da dieser wachstumsanregend wirkt.<\/p>\n<p>Bei stark wachsenden B\u00e4umen und bei gr\u00f6sseren Eingriffen bei Altb\u00e4umen  insbesondere Kirschen und Pflaumen ist der Schnitt in den Sommermonaten  zu bevorzugen.<\/p>\n<table>\n<tbody>\n<tr>\n<td width=\"50%\" align=\"left\"><img decoding=\"async\" src=\"http:\/\/www.obst-manufaktur.de\/bilder\/jungbaumerziehung_vor_schnitt.jpg\" border=\"1\" alt=\"\" width=\"90%\" height=\"50%\" align=\"left\" \/><\/td>\n<td width=\"50%\" align=\"left\"><img decoding=\"async\" src=\"http:\/\/www.obst-manufaktur.de\/bilder\/jungbaumerziehung_nach_schnitt.jpg\" border=\"1\" alt=\"\" width=\"90%\" height=\"50%\" align=\"left\" \/><\/td>\n<\/tr>\n<tr>\n<td width=\"50%\" align=\"left\">Vor dem Schnitt<\/td>\n<td width=\"50%\" align=\"left\">Nach dem Schnitt<\/td>\n<\/tr>\n<\/tbody>\n<\/table>\n","protected":false},"excerpt":{"rendered":"<p>Wir bieten Ihnen einen fachgerechten Obstbaumschnitt an, den wir m\u00f6glichst \u00fcber 3-5 Jahre ausf\u00fchren. F\u00fcr die Jungbaumerziehung ist dieser Zeitraum das Minimum f\u00fcr einen regelm\u00e4ssigen Erziehungsschnitt. Bei der Altbaumpflege ist es sinnvoll, gr\u00f6ssere Schnitteingriffe \u00fcber mehrere Jahre zu verteilen, so dass das Gleichgewicht zwischen Trieb und Ertrag bewahrt werden kann.<\/p>\n","protected":false},"author":2,"featured_media":0,"parent":58,"menu_order":0,"comment_status":"closed","ping_status":"closed","template":"","meta":{"footnotes":""},"class_list":["post-181","page","type-page","status-publish","hentry"],"_links":{"self":[{"href":"https:\/\/www.obstmanufaktur.com\/index.php?rest_route=\/wp\/v2\/pages\/181","targetHints":{"allow":["GET"]}}],"collection":[{"href":"https:\/\/www.obstmanufaktur.com\/index.php?rest_route=\/wp\/v2\/pages"}],"about":[{"href":"https:\/\/www.obstmanufaktur.com\/index.php?rest_route=\/wp\/v2\/types\/page"}],"author":[{"embeddable":true,"href":"https:\/\/www.obstmanufaktur.com\/index.php?rest_route=\/wp\/v2\/users\/2"}],"replies":[{"embeddable":true,"href":"https:\/\/www.obstmanufaktur.com\/index.php?rest_route=%2Fwp%2Fv2%2Fcomments&post=181"}],"version-history":[{"count":3,"href":"https:\/\/www.obstmanufaktur.com\/index.php?rest_route=\/wp\/v2\/pages\/181\/revisions"}],"predecessor-version":[{"id":184,"href":"https:\/\/www.obstmanufaktur.com\/index.php?rest_route=\/wp\/v2\/pages\/181\/revisions\/184"}],"up":[{"embeddable":true,"href":"https:\/\/www.obstmanufaktur.com\/index.php?rest_route=\/wp\/v2\/pages\/58"}],"wp:attachment":[{"href":"https:\/\/www.obstmanufaktur.com\/index.php?rest_route=%2Fwp%2Fv2%2Fmedia&parent=181"}],"curies":[{"name":"wp","href":"https:\/\/api.w.org\/{rel}","templated":true}]}}