{"id":265,"date":"2011-12-07T16:02:48","date_gmt":"2011-12-07T16:02:48","guid":{"rendered":"http:\/\/www.obstmanufaktur.com\/?page_id=265"},"modified":"2023-05-31T22:45:07","modified_gmt":"2023-05-31T20:45:07","slug":"265-2","status":"publish","type":"page","link":"https:\/\/www.obstmanufaktur.com\/?page_id=265","title":{"rendered":"Unsere Fl\u00e4chen"},"content":{"rendered":"<p>Wir bewirtschaften 7,5 ha Streuobstbest\u00e4nde auf 6 Fl\u00e4chen rund um Kaufungen verteilt. Dazu kommen noch 2000 qm Beerenobst. Wir m\u00f6chten alte Baumbest\u00e4nde erhalten und pflanzen neue B\u00e4ume, um alte Sorten und die\u00a0 Streuobstkultur zu f\u00f6rdern. Auf den Fl\u00e4chen stehen B\u00e4ume von 1-80 Jahren alt, etwa 260 Apfel-, 280 Birnen-, 70 Pflaumen-, und 25 Kirschb\u00e4ume. Durch so manche Veredlung auf Mehr-Sortenb\u00e4ume kommen wir auf mehr als 1200 Obstsorten.<\/p>\n<p>F\u00fcr eine zeitnahe \u00dcberpr\u00fcfung von seltenen Sorten, haben wir eine Pflanzung von Obstgeh\u00f6lzen auf schw\u00e4cher wachsenden Unterlagen angelegt. Diese kommen dadurch wesentlich eher in den Ertrag. Zuk\u00fcnftig werden diese Sorten hoffentlich\u00a0 wieder als langlebiger Hochstamm\u00a0 die Obstwiesen bereichern .<\/p>\n<p><a href=\"https:\/\/www.obstmanufaktur.com\/wp-content\/uploads\/2011\/12\/CIMG2125.jpg\"><img loading=\"lazy\" decoding=\"async\" class=\"size-full wp-image-262 alignleft\" title=\"Wiese 3\" src=\"https:\/\/www.obstmanufaktur.com\/wp-content\/uploads\/2011\/12\/CIMG2125.jpg\" alt=\"\" width=\"333\" height=\"221\" srcset=\"https:\/\/www.obstmanufaktur.com\/wp-content\/uploads\/2011\/12\/CIMG2125.jpg 910w, https:\/\/www.obstmanufaktur.com\/wp-content\/uploads\/2011\/12\/CIMG2125-300x200.jpg 300w\" sizes=\"auto, (max-width: 333px) 100vw, 333px\" \/><\/a>Die Streuobstwiesenkultur hatte ihre Bl\u00fctezeit Ende des\u00a0 19.\u00a0 bis Mitte des 20. Jahrhunderts. Wie der Name schon sagt, stehen gro\u00dfkronige Obstb\u00e4ume locker gestreut auf den Fl\u00e4chen, so dass sie als Einzelb\u00e4ume mit ihrem charakteristischen Wuchs erkennbar bleiben. Die traditonelle Nutzung der Wiesen war die Mahd oder die Beweidung. Durch die Intensivierung des Obstbaues ist diese Bewirtschaftungsform in Vergessenheit geraten und viele alte bew\u00e4hrte Obstsorten drohen zu verschwinden.<\/p>\n<p style=\"text-align: left;\"><a href=\"https:\/\/www.obstmanufaktur.com\/wp-content\/uploads\/2011\/12\/CIMG2014.jpg\"><img loading=\"lazy\" decoding=\"async\" class=\"size-full wp-image-260 alignright\" title=\"Obstbl\u00fcte 1\" src=\"https:\/\/www.obstmanufaktur.com\/wp-content\/uploads\/2011\/12\/CIMG2014.jpg\" alt=\"\" width=\"328\" height=\"218\" \/><\/a>Streuobstwiesen haben als eine der artenreichsten Kulturlandschaften\u00a0 einen hohen \u00f6kologischen Wert. Durch ihre Vielfalt der Strukturen und das dadurch entstehende Mosaik unterschiedlicher Lebensr\u00e4ume bieten sie einer Vielzahl von Pflanzen -und Tierarten einen besonderen Lebensraum.<\/p>\n<p style=\"text-align: left;\">Bei der\u00a0 Bewirtschaftung unserer Fl\u00e4chen tragen wir der gew\u00fcnschten Artenvielfalt und den Bed\u00fcrfnissen der B\u00e4ume Rechnung,\u00a0 indem wir beispielsweise die Baumstreifen h\u00e4ufiger und die Gesamtfl\u00e4che in Parzellen geteilt zweimal im Jahr m\u00e4hen. Unsere Fl\u00e4chen werden bewu\u00dft unterschiedlich intensiv gepflegt, abh\u00e4ngig von der Lage und dem Alter der B\u00e4ume, aber auch im Hinblick auf die Verwertbarkeit des Obstes.<\/p>\n<p><a href=\"https:\/\/www.obstmanufaktur.com\/wp-content\/uploads\/2023\/05\/P1140425-scaled.jpg\"><img loading=\"lazy\" decoding=\"async\" class=\"alignleft size-medium wp-image-700\" src=\"https:\/\/www.obstmanufaktur.com\/wp-content\/uploads\/2023\/05\/P1140425-300x225.jpg\" alt=\"\" width=\"300\" height=\"225\" srcset=\"https:\/\/www.obstmanufaktur.com\/wp-content\/uploads\/2023\/05\/P1140425-300x225.jpg 300w, https:\/\/www.obstmanufaktur.com\/wp-content\/uploads\/2023\/05\/P1140425-1024x768.jpg 1024w, https:\/\/www.obstmanufaktur.com\/wp-content\/uploads\/2023\/05\/P1140425-768x576.jpg 768w, https:\/\/www.obstmanufaktur.com\/wp-content\/uploads\/2023\/05\/P1140425-1536x1152.jpg 1536w, https:\/\/www.obstmanufaktur.com\/wp-content\/uploads\/2023\/05\/P1140425-2048x1536.jpg 2048w\" sizes=\"auto, (max-width: 300px) 100vw, 300px\" \/><\/a> <a href=\"https:\/\/www.obstmanufaktur.com\/wp-content\/uploads\/2023\/05\/P1110152-scaled.jpg\"><img loading=\"lazy\" decoding=\"async\" class=\"alignleft size-medium wp-image-701\" src=\"https:\/\/www.obstmanufaktur.com\/wp-content\/uploads\/2023\/05\/P1110152-300x225.jpg\" alt=\"\" width=\"300\" height=\"225\" srcset=\"https:\/\/www.obstmanufaktur.com\/wp-content\/uploads\/2023\/05\/P1110152-300x225.jpg 300w, https:\/\/www.obstmanufaktur.com\/wp-content\/uploads\/2023\/05\/P1110152-1024x768.jpg 1024w, https:\/\/www.obstmanufaktur.com\/wp-content\/uploads\/2023\/05\/P1110152-768x576.jpg 768w, https:\/\/www.obstmanufaktur.com\/wp-content\/uploads\/2023\/05\/P1110152-1536x1152.jpg 1536w, https:\/\/www.obstmanufaktur.com\/wp-content\/uploads\/2023\/05\/P1110152-2048x1536.jpg 2048w\" sizes=\"auto, (max-width: 300px) 100vw, 300px\" \/><\/a>Neben den Obstb\u00e4umen unterschiedlichen Alters tragen Hecken, Alt- und Totholz , Nisthilfen f\u00fcr V\u00f6gel und Insekten und Sitzstangen f\u00fcr Greifv\u00f6gel zur Strukturvielfalt und damit zur Artenvielfalt bei.<\/p>\n<p style=\"text-align: left;\">\n<p style=\"text-align: center;\">\n<p style=\"text-align: center;\">\n<p style=\"text-align: center;\">\n<p style=\"text-align: center;\">\n","protected":false},"excerpt":{"rendered":"<p>Wir bewirtschaften 7,5 ha Streuobstbest\u00e4nde auf 6 Fl\u00e4chen rund um Kaufungen verteilt. Dazu kommen noch 2000 qm Beerenobst. Wir m\u00f6chten alte Baumbest\u00e4nde erhalten und pflanzen neue B\u00e4ume, um alte Sorten und die\u00a0 Streuobstkultur zu f\u00f6rdern. Auf den Fl\u00e4chen stehen B\u00e4ume von 1-80 Jahren alt, etwa 260 Apfel-, 280 Birnen-, 70<\/p>\n","protected":false},"author":2,"featured_media":0,"parent":44,"menu_order":0,"comment_status":"closed","ping_status":"closed","template":"","meta":{"footnotes":""},"class_list":["post-265","page","type-page","status-publish","hentry"],"_links":{"self":[{"href":"https:\/\/www.obstmanufaktur.com\/index.php?rest_route=\/wp\/v2\/pages\/265","targetHints":{"allow":["GET"]}}],"collection":[{"href":"https:\/\/www.obstmanufaktur.com\/index.php?rest_route=\/wp\/v2\/pages"}],"about":[{"href":"https:\/\/www.obstmanufaktur.com\/index.php?rest_route=\/wp\/v2\/types\/page"}],"author":[{"embeddable":true,"href":"https:\/\/www.obstmanufaktur.com\/index.php?rest_route=\/wp\/v2\/users\/2"}],"replies":[{"embeddable":true,"href":"https:\/\/www.obstmanufaktur.com\/index.php?rest_route=%2Fwp%2Fv2%2Fcomments&post=265"}],"version-history":[{"count":17,"href":"https:\/\/www.obstmanufaktur.com\/index.php?rest_route=\/wp\/v2\/pages\/265\/revisions"}],"predecessor-version":[{"id":702,"href":"https:\/\/www.obstmanufaktur.com\/index.php?rest_route=\/wp\/v2\/pages\/265\/revisions\/702"}],"up":[{"embeddable":true,"href":"https:\/\/www.obstmanufaktur.com\/index.php?rest_route=\/wp\/v2\/pages\/44"}],"wp:attachment":[{"href":"https:\/\/www.obstmanufaktur.com\/index.php?rest_route=%2Fwp%2Fv2%2Fmedia&parent=265"}],"curies":[{"name":"wp","href":"https:\/\/api.w.org\/{rel}","templated":true}]}}