{"id":292,"date":"2011-12-21T12:13:39","date_gmt":"2011-12-21T12:13:39","guid":{"rendered":"http:\/\/www.obstmanufaktur.com\/?page_id=292"},"modified":"2011-12-21T12:14:43","modified_gmt":"2011-12-21T12:14:43","slug":"angebot-an-gemeinden-und-kommunen","status":"publish","type":"page","link":"https:\/\/www.obstmanufaktur.com\/?page_id=292","title":{"rendered":"Angebot an Gemeinden und Kommunen"},"content":{"rendered":"<p style=\"text-align: left;\">In Zusammenarbeit mit Gemeinden und Kommune erarbeiten wir ein Baumpflegekonzept f\u00fcr s\u00e4mtliche Obstb\u00e4ume auf Gemeindegrund. Das beinhaltet, wenn n\u00f6tig, den j\u00e4hrlichen Erziehungs- Verj\u00fcngungs- und Erhaltungsschnitt der B\u00e4ume, aber auch die Kartierung und Bestimmung des Sortenbestandes.<\/p>\n<p><a href=\"https:\/\/www.obstmanufaktur.com\/wp-content\/uploads\/2011\/12\/P1011706.jpg\"><img loading=\"lazy\" decoding=\"async\" class=\"size-medium wp-image-249 alignleft\" title=\"Wintertreffen 4\" src=\"https:\/\/www.obstmanufaktur.com\/wp-content\/uploads\/2011\/12\/P1011706-300x224.jpg\" alt=\"\" width=\"300\" height=\"224\" \/><\/a>Bei Bedarf legen wir Streuobstwiesen als Ausgleichsfl\u00e4chen an, pflanzen mit engagierten B\u00fcrgern Hochzeits- oder Geburtsb\u00e4ume auf gemeindeeigenen Fl\u00e4chen und \u00fcbernehmen deren Pflege. Die Beratung f\u00fcr standortgerechte Sorten ist obligatorisch. Ebenso bieten wir die Schulung von Bauhofmitarbeitern im Obstbaumschnitt an.<\/p>\n","protected":false},"excerpt":{"rendered":"<p>In Zusammenarbeit mit Gemeinden und Kommune erarbeiten wir ein Baumpflegekonzept f\u00fcr s\u00e4mtliche Obstb\u00e4ume auf Gemeindegrund. Das beinhaltet, wenn n\u00f6tig, den j\u00e4hrlichen Erziehungs- Verj\u00fcngungs- und Erhaltungsschnitt der B\u00e4ume, aber auch die Kartierung und Bestimmung des Sortenbestandes. Bei Bedarf legen wir Streuobstwiesen als Ausgleichsfl\u00e4chen an, pflanzen mit engagierten B\u00fcrgern Hochzeits- oder Geburtsb\u00e4ume<\/p>\n","protected":false},"author":2,"featured_media":0,"parent":58,"menu_order":2,"comment_status":"closed","ping_status":"closed","template":"","meta":{"footnotes":""},"class_list":["post-292","page","type-page","status-publish","hentry"],"_links":{"self":[{"href":"https:\/\/www.obstmanufaktur.com\/index.php?rest_route=\/wp\/v2\/pages\/292","targetHints":{"allow":["GET"]}}],"collection":[{"href":"https:\/\/www.obstmanufaktur.com\/index.php?rest_route=\/wp\/v2\/pages"}],"about":[{"href":"https:\/\/www.obstmanufaktur.com\/index.php?rest_route=\/wp\/v2\/types\/page"}],"author":[{"embeddable":true,"href":"https:\/\/www.obstmanufaktur.com\/index.php?rest_route=\/wp\/v2\/users\/2"}],"replies":[{"embeddable":true,"href":"https:\/\/www.obstmanufaktur.com\/index.php?rest_route=%2Fwp%2Fv2%2Fcomments&post=292"}],"version-history":[{"count":9,"href":"https:\/\/www.obstmanufaktur.com\/index.php?rest_route=\/wp\/v2\/pages\/292\/revisions"}],"predecessor-version":[{"id":300,"href":"https:\/\/www.obstmanufaktur.com\/index.php?rest_route=\/wp\/v2\/pages\/292\/revisions\/300"}],"up":[{"embeddable":true,"href":"https:\/\/www.obstmanufaktur.com\/index.php?rest_route=\/wp\/v2\/pages\/58"}],"wp:attachment":[{"href":"https:\/\/www.obstmanufaktur.com\/index.php?rest_route=%2Fwp%2Fv2%2Fmedia&parent=292"}],"curies":[{"name":"wp","href":"https:\/\/api.w.org\/{rel}","templated":true}]}}