{"id":50,"date":"2011-05-04T13:14:52","date_gmt":"2011-05-04T13:14:52","guid":{"rendered":"http:\/\/www.obstmanufaktur.com\/?page_id=50"},"modified":"2023-05-31T23:29:25","modified_gmt":"2023-05-31T21:29:25","slug":"selbstverstandnis","status":"publish","type":"page","link":"https:\/\/www.obstmanufaktur.com\/?page_id=50","title":{"rendered":"Selbstverst\u00e4ndnis"},"content":{"rendered":"\n<p>Alles rund ums Obst, das ist seit Jahren unsere Leidenschaft. Dazu geh\u00f6rt die Pflege alter Streuobstbest\u00e4nde, die Anlage neuer Obstwiesen, die Besch\u00e4ftigung mit alten bew\u00e4hrten Sorten und die Verarbeitung der Ernte. Die Grundlage dazu sind unsere Streuobstwiesen. Sie haben als eine der artenreichsten Kulturlandschaften einen hohen \u00f6kologischen Wert. Sie versch\u00f6nern das Landschaftsbild und erweitern unser Obstangebot um seltene Fr\u00fcchte, die neben dem Einheitssortiment im Supermarkt ganz besondere Geschmackserlebnisse bieten.<\/p>\n\n\n\n<p>Wir m\u00f6chten die Streuobstwiese erhalten, was langfristig nur erfolgreich sein kann,wenn sie wieder gen\u00fcgend wirtschaftlichen Ertrag bringt. Wobei wir den Wert, eigenes gesundes und wohlschmeckendes Obst zu produzieren, nicht nur mit den \u00fcblichen wirtschaftlichen Ma\u00dfst\u00e4ben messen. Wir wollen nicht nur ein Obstmuseum, sondern eine Wiederbelebung der Reste an Streuobstwiesen in unserer Region.<\/p>\n\n\n\n<p>Dazu geh\u00f6rt nat\u00fcrlich nicht nur, die B\u00e4ume zu erhalten, sondern auch das Wissen um die Pflege und den Schnitt der Best\u00e4nde, gerade in Bezug auf die Unterschiedlichkeiten der Sorten. So hat jede Obstsorte eigene Standort- und Klimabed\u00fcrfnisse, um gutes Obst zu erzeugen.<\/p>\n\n\n\n<div class=\"wp-block-columns is-layout-flex wp-container-core-columns-is-layout-9d6595d7 wp-block-columns-is-layout-flex\">\n<div class=\"wp-block-column is-vertically-aligned-bottom is-layout-flow wp-block-column-is-layout-flow\" style=\"flex-basis:100%\">\n<div class=\"wp-block-group\"><div class=\"wp-block-group__inner-container is-layout-constrained wp-block-group-is-layout-constrained\">\n<div class=\"wp-block-group\"><div class=\"wp-block-group__inner-container is-layout-constrained wp-block-group-is-layout-constrained\">\n<div class=\"wp-block-columns are-vertically-aligned-center is-layout-flex wp-container-core-columns-is-layout-9d6595d7 wp-block-columns-is-layout-flex\">\n<div class=\"wp-block-column is-vertically-aligned-center is-layout-flow wp-block-column-is-layout-flow\">\n<figure class=\"wp-block-image size-large is-resized\"><a href=\"https:\/\/www.obstmanufaktur.com\/wp-content\/uploads\/2023\/05\/IMG_20210313_135846-scaled.jpg\"><img loading=\"lazy\" decoding=\"async\" src=\"https:\/\/www.obstmanufaktur.com\/wp-content\/uploads\/2023\/05\/IMG_20210313_135846-768x1024.jpg\" alt=\"\" class=\"wp-image-707\" width=\"185\" height=\"247\" srcset=\"https:\/\/www.obstmanufaktur.com\/wp-content\/uploads\/2023\/05\/IMG_20210313_135846-768x1024.jpg 768w, https:\/\/www.obstmanufaktur.com\/wp-content\/uploads\/2023\/05\/IMG_20210313_135846-225x300.jpg 225w, https:\/\/www.obstmanufaktur.com\/wp-content\/uploads\/2023\/05\/IMG_20210313_135846-1152x1536.jpg 1152w, https:\/\/www.obstmanufaktur.com\/wp-content\/uploads\/2023\/05\/IMG_20210313_135846-1536x2048.jpg 1536w, https:\/\/www.obstmanufaktur.com\/wp-content\/uploads\/2023\/05\/IMG_20210313_135846-scaled.jpg 1920w\" sizes=\"auto, (max-width: 185px) 100vw, 185px\" \/><\/a><\/figure>\n<\/div>\n\n\n\n<div class=\"wp-block-column is-vertically-aligned-center is-layout-flow wp-block-column-is-layout-flow\"><div class=\"wp-block-image wp-duotone-unset-1\">\n<figure class=\"aligncenter size-large is-resized\"><a href=\"https:\/\/www.obstmanufaktur.com\/wp-content\/uploads\/2023\/05\/IMG_20210528_202825-scaled.jpg\"><img loading=\"lazy\" decoding=\"async\" src=\"https:\/\/www.obstmanufaktur.com\/wp-content\/uploads\/2023\/05\/IMG_20210528_202825-1024x768.jpg\" alt=\"\" class=\"wp-image-708\" width=\"205\" height=\"154\" srcset=\"https:\/\/www.obstmanufaktur.com\/wp-content\/uploads\/2023\/05\/IMG_20210528_202825-1024x768.jpg 1024w, https:\/\/www.obstmanufaktur.com\/wp-content\/uploads\/2023\/05\/IMG_20210528_202825-300x225.jpg 300w, https:\/\/www.obstmanufaktur.com\/wp-content\/uploads\/2023\/05\/IMG_20210528_202825-768x576.jpg 768w, https:\/\/www.obstmanufaktur.com\/wp-content\/uploads\/2023\/05\/IMG_20210528_202825-1536x1152.jpg 1536w, https:\/\/www.obstmanufaktur.com\/wp-content\/uploads\/2023\/05\/IMG_20210528_202825-2048x1536.jpg 2048w\" sizes=\"auto, (max-width: 205px) 100vw, 205px\" \/><\/a><\/figure>\n<\/div><\/div>\n\n\n\n<div class=\"wp-block-column is-vertically-aligned-center is-layout-flow wp-block-column-is-layout-flow\"><div class=\"wp-block-image\">\n<figure class=\"aligncenter size-full is-resized\"><a href=\"https:\/\/www.obstmanufaktur.com\/wp-content\/uploads\/2011\/05\/10.jpg\"><img loading=\"lazy\" decoding=\"async\" src=\"https:\/\/www.obstmanufaktur.com\/wp-content\/uploads\/2011\/05\/10.jpg\" alt=\"\" class=\"wp-image-21\" width=\"212\" height=\"158\" srcset=\"https:\/\/www.obstmanufaktur.com\/wp-content\/uploads\/2011\/05\/10.jpg 640w, https:\/\/www.obstmanufaktur.com\/wp-content\/uploads\/2011\/05\/10-300x225.jpg 300w\" sizes=\"auto, (max-width: 212px) 100vw, 212px\" \/><\/a><\/figure>\n<\/div><\/div>\n\n\n\n<div class=\"wp-block-column is-vertically-aligned-center is-layout-flow wp-block-column-is-layout-flow\">\n<figure class=\"wp-block-image size-large is-resized\"><a href=\"https:\/\/www.obstmanufaktur.com\/wp-content\/uploads\/2023\/05\/P1150187-scaled.jpg\"><img loading=\"lazy\" decoding=\"async\" src=\"https:\/\/www.obstmanufaktur.com\/wp-content\/uploads\/2023\/05\/P1150187-768x1024.jpg\" alt=\"\" class=\"wp-image-692\" width=\"171\" height=\"229\" srcset=\"https:\/\/www.obstmanufaktur.com\/wp-content\/uploads\/2023\/05\/P1150187-768x1024.jpg 768w, https:\/\/www.obstmanufaktur.com\/wp-content\/uploads\/2023\/05\/P1150187-225x300.jpg 225w, https:\/\/www.obstmanufaktur.com\/wp-content\/uploads\/2023\/05\/P1150187-1152x1536.jpg 1152w, https:\/\/www.obstmanufaktur.com\/wp-content\/uploads\/2023\/05\/P1150187-1536x2048.jpg 1536w, https:\/\/www.obstmanufaktur.com\/wp-content\/uploads\/2023\/05\/P1150187-scaled.jpg 1920w\" sizes=\"auto, (max-width: 171px) 100vw, 171px\" \/><\/a><\/figure>\n<\/div>\n<\/div>\n<\/div><\/div>\n<\/div><\/div>\n<\/div>\n<\/div>\n\n\n\n<p>Wir haben den Namen &#8222;ObstManufaktur&#8220; f\u00fcr unser Kollektiv gew\u00e4hlt, weil der Begriff Manufaktur im heutigen Sprachgebrauch f\u00fcr gute handwerkliche Qualit\u00e4t und Bewahrung erprobten Wissens steht. So sammeln wir alte Obstsorten, vorwiegend \u00c4pfel und Birnen, und erhalten das Wissen um die Vielf\u00e4ltigkeit der Obstwirtschaft der vergangenen drei- hundert Jahre. Diese Vielf\u00e4ltigkeit dr\u00fcckt sich nicht nur in Form, Farbe und Geschmack aus, auch die Anpassung an das lokale Klima, die Widerstandskraft gegen verschiedene Sch\u00e4dlinge, die Eignung f\u00fcr Lager und K\u00fcche ist sehr variantenreich. Viele seltene Sorten haben wir zu einem kleinen Schatz zusammengetragen, der die besonderen Eigenschaften der Fr\u00fcchte weiterleben l\u00e4sst. Diesen geerbten Schatz und unsere gesammelten Erfahrungen mit jungen und alten B\u00e4umen m\u00f6chten wir gerne weitergeben, auch an die n\u00e4chsten Generationen.<\/p>\n\n\n\n<p>Wir wollen Obst \u00f6kologisch produzieren, gerade unter globalen Wirtschaftsbedingungen. Das bedeutet f\u00fcr uns extensiven Obstbau ohne Pestizideinsatz, jedoch N\u00fctzlingsf\u00f6rderung, konsequente Baum- und Wiesenpflege und Dokumentation der Qualit\u00e4ten der verschiedenen Obstsorten. Eine notwendige Weiterentwicklung ist die Zusammenarbeit mit Baumschulen, Obstbauern und Vermarktern mit dem Ziel, Obstsorten wiederzuentdecken, die mit viel weniger Pestizideinsatz auskommen, aber daf\u00fcr eine gr\u00f6\u00dfere Geschmacksvielfalt bieten. Wir m\u00f6chten selbst gutes Obst essen und auch regional vermarkten. So probieren wir f\u00fcr den Eigenbedarf Lagerung und Weiterverarbeitung aus. Dabei entstehen sortenreine S\u00e4fte, Fruchtaufstriche, Trockenobst und traditionelles Kompott.<\/p>\n","protected":false},"excerpt":{"rendered":"<p>Alles rund ums Obst, das ist seit Jahren unsere Leidenschaft. Dazu geh\u00f6rt die Pflege alter Streuobstbest\u00e4nde, die Anlage neuer Obstwiesen, die Besch\u00e4ftigung mit alten bew\u00e4hrten Sorten und die Verarbeitung der Ernte. Die Grundlage dazu sind unsere Streuobstwiesen. Sie haben als eine der artenreichsten Kulturlandschaften einen hohen \u00f6kologischen Wert. Sie versch\u00f6nern<\/p>\n","protected":false},"author":2,"featured_media":0,"parent":44,"menu_order":0,"comment_status":"closed","ping_status":"open","template":"","meta":{"footnotes":""},"class_list":["post-50","page","type-page","status-publish","hentry"],"_links":{"self":[{"href":"https:\/\/www.obstmanufaktur.com\/index.php?rest_route=\/wp\/v2\/pages\/50","targetHints":{"allow":["GET"]}}],"collection":[{"href":"https:\/\/www.obstmanufaktur.com\/index.php?rest_route=\/wp\/v2\/pages"}],"about":[{"href":"https:\/\/www.obstmanufaktur.com\/index.php?rest_route=\/wp\/v2\/types\/page"}],"author":[{"embeddable":true,"href":"https:\/\/www.obstmanufaktur.com\/index.php?rest_route=\/wp\/v2\/users\/2"}],"replies":[{"embeddable":true,"href":"https:\/\/www.obstmanufaktur.com\/index.php?rest_route=%2Fwp%2Fv2%2Fcomments&post=50"}],"version-history":[{"count":6,"href":"https:\/\/www.obstmanufaktur.com\/index.php?rest_route=\/wp\/v2\/pages\/50\/revisions"}],"predecessor-version":[{"id":712,"href":"https:\/\/www.obstmanufaktur.com\/index.php?rest_route=\/wp\/v2\/pages\/50\/revisions\/712"}],"up":[{"embeddable":true,"href":"https:\/\/www.obstmanufaktur.com\/index.php?rest_route=\/wp\/v2\/pages\/44"}],"wp:attachment":[{"href":"https:\/\/www.obstmanufaktur.com\/index.php?rest_route=%2Fwp%2Fv2%2Fmedia&parent=50"}],"curies":[{"name":"wp","href":"https:\/\/api.w.org\/{rel}","templated":true}]}}