{"id":58,"date":"2011-05-04T13:28:35","date_gmt":"2011-05-04T13:28:35","guid":{"rendered":"http:\/\/www.obstmanufaktur.com\/?page_id=58"},"modified":"2012-01-09T13:15:08","modified_gmt":"2012-01-09T13:15:08","slug":"obstbaumschnitt","status":"publish","type":"page","link":"https:\/\/www.obstmanufaktur.com\/?page_id=58","title":{"rendered":"Obstbaumschnitt"},"content":{"rendered":"<p>Obstb\u00e4ume sind Kulturpflanzen und brauchen Pflege. Sie belohnen diese  mit einem guten Ertrag und einer hohen Lebensdauer. Zu der regelm\u00e4ssigen  Pflege geh\u00f6rt der Obstbaumschnitt, in jungen Jahren zur Baumerziehung,  f\u00fcr \u00e4ltere B\u00e4ume zur Verj\u00fcngung und Baumerhaltung.<\/p>\n<p><a href=\"https:\/\/www.obstmanufaktur.com\/wp-content\/uploads\/2011\/05\/21.jpg\"><img loading=\"lazy\" decoding=\"async\" class=\"size-full wp-image-33 alignleft\" style=\"margin: 5px;\" title=\"Baum vor Himmel\" src=\"https:\/\/www.obstmanufaktur.com\/wp-content\/uploads\/2011\/05\/21.jpg\" alt=\"\" width=\"188\" height=\"252\" srcset=\"https:\/\/www.obstmanufaktur.com\/wp-content\/uploads\/2011\/05\/21.jpg 336w, https:\/\/www.obstmanufaktur.com\/wp-content\/uploads\/2011\/05\/21-224x300.jpg 224w\" sizes=\"auto, (max-width: 188px) 100vw, 188px\" \/><\/a>Damit Obstb\u00e4ume sch\u00f6ne Kronen ausbilden, m\u00fcssen Sie vor allem in jungen  Jahren regelm\u00e4\u00dfig geschnitten werden. Rechtzeitiger und regelm\u00e4\u00dfiger Baumschnitt f\u00f6rdert ein tragf\u00e4higes Kronenger\u00fcst mit gen\u00fcgend Licht f\u00fcr  einen guten Fruchtbehang. Wenn m\u00f6glich geben wir den B\u00e4umen eine  Kronenform in Anlehnung an den \u201eOeschbergschnitt\u201c, eine Methode zur  Erziehung grosskroniger B\u00e4ume. F\u00fcr die Jungbaumerziehung ist es wichtig,  das Wachstum anzuregen und zu  vermeiden, dass der Baum zu fr\u00fch Fr\u00fcchte  tr\u00e4gt, da dies das Holzwachstum hemmt und der Baum zu fr\u00fch vergreisen  k\u00f6nnte.<\/p>\n<p>Auch l\u00e4nger nicht mehr geschnittene Obstb\u00e4ume <a href=\"https:\/\/www.obstmanufaktur.com\/wp-content\/uploads\/2011\/05\/13.jpg\"><img loading=\"lazy\" decoding=\"async\" class=\"size-medium wp-image-26 alignright\" style=\"margin: 5px;\" title=\"Laster\" src=\"https:\/\/www.obstmanufaktur.com\/wp-content\/uploads\/2011\/05\/13-300x224.jpg\" alt=\"\" width=\"245\" height=\"183\" srcset=\"https:\/\/www.obstmanufaktur.com\/wp-content\/uploads\/2011\/05\/13-300x224.jpg 300w, https:\/\/www.obstmanufaktur.com\/wp-content\/uploads\/2011\/05\/13.jpg 448w\" sizes=\"auto, (max-width: 245px) 100vw, 245px\" \/><\/a>k\u00f6nnen durch den Schnitt  wieder zum Wachstum angeregt werden. Altb\u00e4ume neigen im ungepflegten  Zustand oft zur Vergreisung, sie zeigen wenig Neutrieb, die Fr\u00fcchte  werden immer kleiner, und der Fruchtbehang verlagert sich in die oberen  belichteten  Baumpartien. Ein Verj\u00fcngungsschnitt kann die Neutriebbildung wieder anregen, der  Baumerhaltung dienen und den Ertrag wieder nach und nach in eine  pfl\u00fcckbare Baumh\u00f6he zur\u00fcckholen.<\/p>\n","protected":false},"excerpt":{"rendered":"<p>Obstb\u00e4ume sind Kulturpflanzen und brauchen Pflege. Sie belohnen diese mit einem guten Ertrag und einer hohen Lebensdauer. Zu der regelm\u00e4ssigen Pflege geh\u00f6rt der Obstbaumschnitt, in jungen Jahren zur Baumerziehung, f\u00fcr \u00e4ltere B\u00e4ume zur Verj\u00fcngung und Baumerhaltung. Damit Obstb\u00e4ume sch\u00f6ne Kronen ausbilden, m\u00fcssen Sie vor allem in jungen Jahren regelm\u00e4\u00dfig geschnitten<\/p>\n","protected":false},"author":2,"featured_media":0,"parent":0,"menu_order":10,"comment_status":"closed","ping_status":"closed","template":"","meta":{"footnotes":""},"class_list":["post-58","page","type-page","status-publish","hentry"],"_links":{"self":[{"href":"https:\/\/www.obstmanufaktur.com\/index.php?rest_route=\/wp\/v2\/pages\/58","targetHints":{"allow":["GET"]}}],"collection":[{"href":"https:\/\/www.obstmanufaktur.com\/index.php?rest_route=\/wp\/v2\/pages"}],"about":[{"href":"https:\/\/www.obstmanufaktur.com\/index.php?rest_route=\/wp\/v2\/types\/page"}],"author":[{"embeddable":true,"href":"https:\/\/www.obstmanufaktur.com\/index.php?rest_route=\/wp\/v2\/users\/2"}],"replies":[{"embeddable":true,"href":"https:\/\/www.obstmanufaktur.com\/index.php?rest_route=%2Fwp%2Fv2%2Fcomments&post=58"}],"version-history":[{"count":21,"href":"https:\/\/www.obstmanufaktur.com\/index.php?rest_route=\/wp\/v2\/pages\/58\/revisions"}],"predecessor-version":[{"id":62,"href":"https:\/\/www.obstmanufaktur.com\/index.php?rest_route=\/wp\/v2\/pages\/58\/revisions\/62"}],"wp:attachment":[{"href":"https:\/\/www.obstmanufaktur.com\/index.php?rest_route=%2Fwp%2Fv2%2Fmedia&parent=58"}],"curies":[{"name":"wp","href":"https:\/\/api.w.org\/{rel}","templated":true}]}}