{"id":77,"date":"2011-05-16T08:01:41","date_gmt":"2011-05-16T08:01:41","guid":{"rendered":"http:\/\/www.obstmanufaktur.com\/?page_id=77"},"modified":"2014-06-11T13:24:09","modified_gmt":"2014-06-11T13:24:09","slug":"obstsortenbestimmung","status":"publish","type":"page","link":"https:\/\/www.obstmanufaktur.com\/?page_id=77","title":{"rendered":"Obstsortenbestimmung"},"content":{"rendered":"<p>Ein Schwerpunkt unser Arbeit ist die Bestimmung von alten Apfel- und  Birnensorten. F\u00fcr eine qualifizierte Bestimmung sind pro Sorte  mindestens drei bis f\u00fcnf gesunde Fr\u00fcchte n\u00f6tig. Kaum eine Einzelfrucht  bildet alle sortentypischen Merkmale aus. Um dies zu erkennen, brauchen  wir mehrere Fr\u00fcchte,in schwierigen F\u00e4llen sogar eher 10 St\u00fcck.<\/p>\n<p><a href=\"https:\/\/www.obstmanufaktur.com\/wp-content\/uploads\/2011\/05\/12.jpg\"><img loading=\"lazy\" decoding=\"async\" class=\"alignleft size-medium wp-image-14\" title=\"Jan beim Bestimmen\" src=\"https:\/\/www.obstmanufaktur.com\/wp-content\/uploads\/2011\/05\/12-300x225.jpg\" alt=\"\" width=\"300\" height=\"225\" srcset=\"https:\/\/www.obstmanufaktur.com\/wp-content\/uploads\/2011\/05\/12-300x225.jpg 300w, https:\/\/www.obstmanufaktur.com\/wp-content\/uploads\/2011\/05\/12.jpg 800w\" sizes=\"auto, (max-width: 300px) 100vw, 300px\" \/><\/a>Aber selbst dann bleiben viele Sorten unbestimmt, da durch jeden  ausges\u00e4ten Kerne eine neue Sorte entsteht und somit der Vielfalt keine  Grenze gesetzt ist. Auch wir haben auf unseren Fl\u00e4chen Sorten, die bisher kein anderer  Pomologe bestimmen kann.<\/p>\n<p>Die Fr\u00fcchte sollten frei von der Obstmade sein, da diese Merkmale im  Inneren des Apfels vernichten. Auch sollen die Fr\u00fcchte aus dem besonnten  Teil des Baumes kommen. Fallobst macht die Arbeit schwierig, da der  Geschmack sich ver\u00e4ndert und wenig Freude aufkommt, diese zu probieren.<\/p>\n<p>Wenn Sie eine Sorte bestimmt haben wollen, gehen Sie zu einer der  zahlreichen Sortenbestimmungen, die unter den Terminen ver\u00f6ffentlicht  sind. Sollte Ihnen dies nicht m\u00f6glich sein, k\u00f6nnen Sie die Proben auch  direkt zu uns schicken oder zu den B\u00fcrozeiten im Kirchweg 3, 34260  Kaufungen abgeben. Bitte mit der Angabe von Name, Telefonnummer oder  Maildresse und dem ungef\u00e4hren Alter des Baumes. F\u00fcr den Aufwand, der in der Obstsaison mittlerweile erheblich ist,  bitten wir Sie um eine Aufwandsentsch\u00e4digung, wie sie auch auf den  \u00f6ffentlichen Sortenbestimmungen \u00fcblich ist.<\/p>\n<p>Wenn Sie eine Streuobstwiese oder gr\u00f6\u00dfere Best\u00e4nde haben, bieten wir  nat\u00fcrlich auch Kartierungen vor Ort an. Daf\u00fcr machen wir Ihnen gerne ein  Angebot.<\/p>\n","protected":false},"excerpt":{"rendered":"<p>Ein Schwerpunkt unser Arbeit ist die Bestimmung von alten Apfel- und Birnensorten. F\u00fcr eine qualifizierte Bestimmung sind pro Sorte mindestens drei bis f\u00fcnf gesunde Fr\u00fcchte n\u00f6tig. Kaum eine Einzelfrucht bildet alle sortentypischen Merkmale aus. Um dies zu erkennen, brauchen wir mehrere Fr\u00fcchte,in schwierigen F\u00e4llen sogar eher 10 St\u00fcck. Aber selbst<\/p>\n","protected":false},"author":2,"featured_media":0,"parent":75,"menu_order":5,"comment_status":"closed","ping_status":"closed","template":"","meta":{"footnotes":""},"class_list":["post-77","page","type-page","status-publish","hentry"],"_links":{"self":[{"href":"https:\/\/www.obstmanufaktur.com\/index.php?rest_route=\/wp\/v2\/pages\/77","targetHints":{"allow":["GET"]}}],"collection":[{"href":"https:\/\/www.obstmanufaktur.com\/index.php?rest_route=\/wp\/v2\/pages"}],"about":[{"href":"https:\/\/www.obstmanufaktur.com\/index.php?rest_route=\/wp\/v2\/types\/page"}],"author":[{"embeddable":true,"href":"https:\/\/www.obstmanufaktur.com\/index.php?rest_route=\/wp\/v2\/users\/2"}],"replies":[{"embeddable":true,"href":"https:\/\/www.obstmanufaktur.com\/index.php?rest_route=%2Fwp%2Fv2%2Fcomments&post=77"}],"version-history":[{"count":7,"href":"https:\/\/www.obstmanufaktur.com\/index.php?rest_route=\/wp\/v2\/pages\/77\/revisions"}],"predecessor-version":[{"id":415,"href":"https:\/\/www.obstmanufaktur.com\/index.php?rest_route=\/wp\/v2\/pages\/77\/revisions\/415"}],"up":[{"embeddable":true,"href":"https:\/\/www.obstmanufaktur.com\/index.php?rest_route=\/wp\/v2\/pages\/75"}],"wp:attachment":[{"href":"https:\/\/www.obstmanufaktur.com\/index.php?rest_route=%2Fwp%2Fv2%2Fmedia&parent=77"}],"curies":[{"name":"wp","href":"https:\/\/api.w.org\/{rel}","templated":true}]}}