{"id":81,"date":"2011-05-16T08:02:45","date_gmt":"2011-05-16T08:02:45","guid":{"rendered":"http:\/\/www.obstmanufaktur.com\/?page_id=81"},"modified":"2014-06-11T14:32:43","modified_gmt":"2014-06-11T14:32:43","slug":"gesuchte-sorten","status":"publish","type":"page","link":"https:\/\/www.obstmanufaktur.com\/?page_id=81","title":{"rendered":"Gesuchte Sorten"},"content":{"rendered":"<p><a href=\"https:\/\/www.obstmanufaktur.com\/wp-content\/uploads\/2011\/05\/9.jpg\"><img loading=\"lazy\" decoding=\"async\" class=\"alignleft size-medium wp-image-18\" title=\"9\" src=\"https:\/\/www.obstmanufaktur.com\/wp-content\/uploads\/2011\/05\/9-200x300.jpg\" alt=\"\" width=\"200\" height=\"300\" srcset=\"https:\/\/www.obstmanufaktur.com\/wp-content\/uploads\/2011\/05\/9-200x300.jpg 200w, https:\/\/www.obstmanufaktur.com\/wp-content\/uploads\/2011\/05\/9.jpg 427w\" sizes=\"auto, (max-width: 200px) 100vw, 200px\" \/><\/a>Historisch gibt es wesentlich mehr beschriebene Obstsorten als wir heute  sicher bestimmen k\u00f6nnen. In der Bl\u00fctezeit der Pomologie von 1850 &#8211; 1900  sind in den verschiedenen deutschsprachigen Fachb\u00fcchern allein  ca. 900 Apfel- und ca. 1000 Birnensorten beschrieben worden.<\/p>\n<p>Ein Gro\u00dfteil dieser Sorten gilt heute als verschollen, was nicht nicht  zwangsl\u00e4ufig  hei\u00dft, dass die Sorten ausgestorben sind. Es gibt heute  einfach niemanden mehr, der sie sicher bestimmen k\u00f6nnte. Allein durch  die Beschreibungen in der Literatur ist dies nur in den seltensten  F\u00e4llen m\u00f6glich.<\/p>\n<p>So sind wir Sortenbestimmer auf \u00fcberliefertes Wissen angewiesen. Leider  ist dieses Wissen nicht durch die letzten  Generationen weitergegeben worden. Gl\u00fccklicherweise k\u00f6nnen Obstb\u00e4ume  mehrere menschliche Generationen \u00fcberleben, so dass es oft noch letzte Exemplare einer Sorte zu finden gibt und  jemand in der Familie oder im Betrieb einen Namen dazu kennt .<\/p>\n<p>Auch gibt es Sorten von denen angenommen werden kann, dass sie sortenecht sind, hier fehlen jedoch unabh\u00e4ngige Vergleichsproben von verschiedenen Standorten, um dies \u00fcberpr\u00fcfen zu k\u00f6nnen.<\/p>\n<p>Sollten Sie eine der im Anhang erw\u00e4hnten Sorten besitzen oder einen Standort kennen, wenden Sie sich bitte an uns.<\/p>\n<p><strong>Gesuchte Apfelsorten <\/strong><\/p>\n<p>Deutscher Goldpepping<br \/>\nDr. Seeligs Orangepepping<br \/>\nFreiburger Prinz<br \/>\nGelbe Kasseler Renette<br \/>\nGoldprinz<br \/>\nGrand Richard<br \/>\nHolsteiner Rosenh\u00e4ger<br \/>\nMarmorierter Sommerpepping<br \/>\nMecklenburger Kantapfel<br \/>\nScipios Renette<br \/>\nWeisser Wintertaubenapfel<\/p>\n<p><strong>Gesuchte Birnensorten <\/strong><\/p>\n<p>Braunrote Speckbirne<br \/>\nBremer Butterbirne<br \/>\nDarmst\u00e4dter Bergamotte<br \/>\nErzbischof Hons<br \/>\nGr\u00fcne F\u00fcrstliche Tafelbirne<br \/>\nGute von Ezee<br \/>\nHannoversche Jakobsbirne<br \/>\nHellmanns Melonenbirne<br \/>\nHentze`s Butterbirne<br \/>\nHerrenh\u00e4user Winterchrist<br \/>\nHildesheimer Bergamotte<br \/>\nHildesheimer Melonenbirne<br \/>\nMadame Bonnefond<br \/>\nMoringer Wunderbirne<br \/>\nSchnackenburger Winterbirne<br \/>\ns\u00e4mtliche Pomeranzenbirnen<\/p>\n","protected":false},"excerpt":{"rendered":"<p>Historisch gibt es wesentlich mehr beschriebene Obstsorten als wir heute sicher bestimmen k\u00f6nnen. In der Bl\u00fctezeit der Pomologie von 1850 &#8211; 1900 sind in den verschiedenen deutschsprachigen Fachb\u00fcchern allein ca. 900 Apfel- und ca. 1000 Birnensorten beschrieben worden. Ein Gro\u00dfteil dieser Sorten gilt heute als verschollen, was nicht nicht zwangsl\u00e4ufig<\/p>\n","protected":false},"author":2,"featured_media":0,"parent":75,"menu_order":15,"comment_status":"closed","ping_status":"closed","template":"","meta":{"footnotes":""},"class_list":["post-81","page","type-page","status-publish","hentry"],"_links":{"self":[{"href":"https:\/\/www.obstmanufaktur.com\/index.php?rest_route=\/wp\/v2\/pages\/81","targetHints":{"allow":["GET"]}}],"collection":[{"href":"https:\/\/www.obstmanufaktur.com\/index.php?rest_route=\/wp\/v2\/pages"}],"about":[{"href":"https:\/\/www.obstmanufaktur.com\/index.php?rest_route=\/wp\/v2\/types\/page"}],"author":[{"embeddable":true,"href":"https:\/\/www.obstmanufaktur.com\/index.php?rest_route=\/wp\/v2\/users\/2"}],"replies":[{"embeddable":true,"href":"https:\/\/www.obstmanufaktur.com\/index.php?rest_route=%2Fwp%2Fv2%2Fcomments&post=81"}],"version-history":[{"count":5,"href":"https:\/\/www.obstmanufaktur.com\/index.php?rest_route=\/wp\/v2\/pages\/81\/revisions"}],"predecessor-version":[{"id":432,"href":"https:\/\/www.obstmanufaktur.com\/index.php?rest_route=\/wp\/v2\/pages\/81\/revisions\/432"}],"up":[{"embeddable":true,"href":"https:\/\/www.obstmanufaktur.com\/index.php?rest_route=\/wp\/v2\/pages\/75"}],"wp:attachment":[{"href":"https:\/\/www.obstmanufaktur.com\/index.php?rest_route=%2Fwp%2Fv2%2Fmedia&parent=81"}],"curies":[{"name":"wp","href":"https:\/\/api.w.org\/{rel}","templated":true}]}}