{"id":83,"date":"2011-05-16T08:03:13","date_gmt":"2011-05-16T08:03:13","guid":{"rendered":"http:\/\/www.obstmanufaktur.com\/?page_id=83"},"modified":"2014-06-11T13:23:20","modified_gmt":"2014-06-11T13:23:20","slug":"sortenerhalt","status":"publish","type":"page","link":"https:\/\/www.obstmanufaktur.com\/?page_id=83","title":{"rendered":"Sortenerhalt"},"content":{"rendered":"<p><a href=\"https:\/\/www.obstmanufaktur.com\/wp-content\/uploads\/2011\/05\/4-aepfel.jpg\"><img loading=\"lazy\" decoding=\"async\" class=\"alignleft size-medium wp-image-39\" title=\"4-aepfel\" src=\"https:\/\/www.obstmanufaktur.com\/wp-content\/uploads\/2011\/05\/4-aepfel-300x277.jpg\" alt=\"\" width=\"300\" height=\"277\" srcset=\"https:\/\/www.obstmanufaktur.com\/wp-content\/uploads\/2011\/05\/4-aepfel-300x277.jpg 300w, https:\/\/www.obstmanufaktur.com\/wp-content\/uploads\/2011\/05\/4-aepfel.jpg 363w\" sizes=\"auto, (max-width: 300px) 100vw, 300px\" \/><\/a>Unsere Sortensammlung ist Teil des\u00a0 bundesweiten Sortenerhaltungsprojektes des Pomologen-Vereins, an dessen\u00a0 Aufbau wir ma\u00dfgeblich beteiligt sind. Wir stellen\u00a0 daher unsere Sortensammlung als genetische Erhaltungspflanzung dem Projekt zur Verf\u00fcgung.<\/p>\n<p>Ein Schwerpunkt dieses Projektes ist, das die Sorten an verschiedenen  Standorten auf starkwachsenden Wurzelunterlagen  angepflanzt werden.  Damit wird eine m\u00f6glichst hohe Lebensdauer der B\u00e4ume gew\u00e4hrleistet. Ein  weiterer entscheidender Vorteil  gegen\u00fcber schw\u00e4cher wachsenden  Unterlagen ist die wesentlich gr\u00f6\u00dfere Toleranz gegen\u00fcber  Klimaschwankungen.<\/p>\n<p>In  dem  Projekt wer<a href=\"https:\/\/www.obstmanufaktur.com\/wp-content\/uploads\/2011\/05\/2-birnen.jpg\"><img loading=\"lazy\" decoding=\"async\" class=\"alignleft size-thumbnail wp-image-41\" title=\"2-birnen\" src=\"https:\/\/www.obstmanufaktur.com\/wp-content\/uploads\/2011\/05\/2-birnen-150x150.jpg\" alt=\"\" width=\"206\" height=\"206\" \/><\/a>de auch Sorten mit in die Pflanzungen aufgenommen,  die  pomologisch nicht sicher bestimmbar sind. Da sie aber an mehreren  Standorten vorkommen, zum Teil sogar bundesweit, k\u00f6nnen wir davon  ausgehen, dass die Sorten auch einen Namen und eine Geschichte haben. Bisher fehlt uns heute aber das  Wissen dar\u00fcber, da es nicht durch die Generationen  weiter gereicht wurde. Gerade diese Sorten haben die Erhaltung am  n\u00f6tigsten, da keine Baumschule oder Genbank sie weiter  erh\u00e4lt.<\/p>\n<p>Unter dem link:\u00a0 <span style=\"text-decoration: underline;\">www.obstsortenerhalt.de<\/span> gibt es weitere Informationen zu dem Projekt. Unter anderem auch die Sorten aus unserer Sammlung, die schon von der Pomologischen Kommission des Pomologenvereins auf Sortenechtheit \u00fcberpr\u00fcft sind.<\/p>\n","protected":false},"excerpt":{"rendered":"<p>Unsere Sortensammlung ist Teil des\u00a0 bundesweiten Sortenerhaltungsprojektes des Pomologen-Vereins, an dessen\u00a0 Aufbau wir ma\u00dfgeblich beteiligt sind. Wir stellen\u00a0 daher unsere Sortensammlung als genetische Erhaltungspflanzung dem Projekt zur Verf\u00fcgung. Ein Schwerpunkt dieses Projektes ist, das die Sorten an verschiedenen Standorten auf starkwachsenden Wurzelunterlagen angepflanzt werden. Damit wird eine m\u00f6glichst hohe Lebensdauer<\/p>\n","protected":false},"author":2,"featured_media":0,"parent":75,"menu_order":20,"comment_status":"closed","ping_status":"closed","template":"","meta":{"footnotes":""},"class_list":["post-83","page","type-page","status-publish","hentry"],"_links":{"self":[{"href":"https:\/\/www.obstmanufaktur.com\/index.php?rest_route=\/wp\/v2\/pages\/83","targetHints":{"allow":["GET"]}}],"collection":[{"href":"https:\/\/www.obstmanufaktur.com\/index.php?rest_route=\/wp\/v2\/pages"}],"about":[{"href":"https:\/\/www.obstmanufaktur.com\/index.php?rest_route=\/wp\/v2\/types\/page"}],"author":[{"embeddable":true,"href":"https:\/\/www.obstmanufaktur.com\/index.php?rest_route=\/wp\/v2\/users\/2"}],"replies":[{"embeddable":true,"href":"https:\/\/www.obstmanufaktur.com\/index.php?rest_route=%2Fwp%2Fv2%2Fcomments&post=83"}],"version-history":[{"count":11,"href":"https:\/\/www.obstmanufaktur.com\/index.php?rest_route=\/wp\/v2\/pages\/83\/revisions"}],"predecessor-version":[{"id":413,"href":"https:\/\/www.obstmanufaktur.com\/index.php?rest_route=\/wp\/v2\/pages\/83\/revisions\/413"}],"up":[{"embeddable":true,"href":"https:\/\/www.obstmanufaktur.com\/index.php?rest_route=\/wp\/v2\/pages\/75"}],"wp:attachment":[{"href":"https:\/\/www.obstmanufaktur.com\/index.php?rest_route=%2Fwp%2Fv2%2Fmedia&parent=83"}],"curies":[{"name":"wp","href":"https:\/\/api.w.org\/{rel}","templated":true}]}}