{"id":91,"date":"2011-05-16T08:09:57","date_gmt":"2011-05-16T08:09:57","guid":{"rendered":"http:\/\/www.obstmanufaktur.com\/?page_id=91"},"modified":"2011-06-20T13:05:02","modified_gmt":"2011-06-20T13:05:02","slug":"fuhrungen","status":"publish","type":"page","link":"https:\/\/www.obstmanufaktur.com\/?page_id=91","title":{"rendered":"F\u00fchrungen"},"content":{"rendered":"<p>Wir bieten auf unseren Streuobstwiesen unterschiedliche F\u00fchrungen an.<\/p>\n<p>An Kinderg\u00e4rten und Schulklassen richtet sich das Angebot, die Vielfalt der Wiesen zu den unterschiedlichen Jahreszeiten zu erleben. Beginnend mit der Baumbl\u00fcte und dem Bienenflug im Fr\u00fchling wollen wir die Wiesen f\u00fcr die Kinder  erfahrbar machen. Im Herbst k\u00f6nnen Sie dann die Fr\u00fcchte probieren und das Fallobst einsammel<a href=\"https:\/\/www.obstmanufaktur.com\/wp-content\/uploads\/2011\/05\/fuehrungen1.jpg\"><img loading=\"lazy\" decoding=\"async\" class=\"size-medium wp-image-34 alignright\" title=\"fuehrungen1\" src=\"https:\/\/www.obstmanufaktur.com\/wp-content\/uploads\/2011\/05\/fuehrungen1-300x200.jpg\" alt=\"\" width=\"300\" height=\"200\" srcset=\"https:\/\/www.obstmanufaktur.com\/wp-content\/uploads\/2011\/05\/fuehrungen1-300x200.jpg 300w, https:\/\/www.obstmanufaktur.com\/wp-content\/uploads\/2011\/05\/fuehrungen1.jpg 448w\" sizes=\"auto, (max-width: 300px) 100vw, 300px\" \/><\/a>n, um f\u00fcr die Gruppe eigenen Saft zu pressen. Bitte wenden Sie sich daf\u00fcr an uns zwecks einer Terminabsprache.<\/p>\n<p>F\u00fcr Erwachsene bieten wir F\u00fchrungen zum Lebensraum Streuobstwiese zur  Bl\u00fctezeit  und sortenkundliche F\u00fchrungen im Herbst an.  Im Fr\u00fchjahr   gibt es viel Interessantes \u00fcber die dort wachsenden Baumarten, \u00fcber  br\u00fctende V\u00f6gel und die Wildbienen am Insektenhotel zu erfahren. Bei den sortenkundlichen F\u00fchrungen erz\u00e4hlen wir etwas \u00fcber die  Geschichte der Sorten,  ihren Anbauwert, die Krankheitsanf\u00e4lligkeit etc.<\/p>\n<p>Damit Sie die gro\u00dfe Sortenvielfalt auch geschmacklich erleben k\u00f6nnen, verkosten wir die im Ertrag befindlichen Sorten.<\/p>\n<p>Dauer ca. 2 Stunden<\/p>\n<p>Die Zeitpunkte werden unter der Rubrik Termine ver\u00f6ffentlicht.<\/p>\n","protected":false},"excerpt":{"rendered":"<p>Wir bieten auf unseren Streuobstwiesen unterschiedliche F\u00fchrungen an. An Kinderg\u00e4rten und Schulklassen richtet sich das Angebot, die Vielfalt der Wiesen zu den unterschiedlichen Jahreszeiten zu erleben. Beginnend mit der Baumbl\u00fcte und dem Bienenflug im Fr\u00fchling wollen wir die Wiesen f\u00fcr die Kinder erfahrbar machen. Im Herbst k\u00f6nnen Sie dann die<\/p>\n","protected":false},"author":2,"featured_media":0,"parent":87,"menu_order":10,"comment_status":"closed","ping_status":"closed","template":"","meta":{"footnotes":""},"class_list":["post-91","page","type-page","status-publish","hentry"],"_links":{"self":[{"href":"https:\/\/www.obstmanufaktur.com\/index.php?rest_route=\/wp\/v2\/pages\/91","targetHints":{"allow":["GET"]}}],"collection":[{"href":"https:\/\/www.obstmanufaktur.com\/index.php?rest_route=\/wp\/v2\/pages"}],"about":[{"href":"https:\/\/www.obstmanufaktur.com\/index.php?rest_route=\/wp\/v2\/types\/page"}],"author":[{"embeddable":true,"href":"https:\/\/www.obstmanufaktur.com\/index.php?rest_route=\/wp\/v2\/users\/2"}],"replies":[{"embeddable":true,"href":"https:\/\/www.obstmanufaktur.com\/index.php?rest_route=%2Fwp%2Fv2%2Fcomments&post=91"}],"version-history":[{"count":4,"href":"https:\/\/www.obstmanufaktur.com\/index.php?rest_route=\/wp\/v2\/pages\/91\/revisions"}],"predecessor-version":[{"id":197,"href":"https:\/\/www.obstmanufaktur.com\/index.php?rest_route=\/wp\/v2\/pages\/91\/revisions\/197"}],"up":[{"embeddable":true,"href":"https:\/\/www.obstmanufaktur.com\/index.php?rest_route=\/wp\/v2\/pages\/87"}],"wp:attachment":[{"href":"https:\/\/www.obstmanufaktur.com\/index.php?rest_route=%2Fwp%2Fv2%2Fmedia&parent=91"}],"curies":[{"name":"wp","href":"https:\/\/api.w.org\/{rel}","templated":true}]}}